{"id":236,"date":"2026-03-01T21:42:13","date_gmt":"2026-03-01T21:42:13","guid":{"rendered":"https:\/\/sociologia.archimadrid.org\/?page_id=236"},"modified":"2026-03-05T16:49:38","modified_gmt":"2026-03-05T16:49:38","slug":"home","status":"publish","type":"page","link":"https:\/\/sociologia.archimadrid.org\/","title":{"rendered":"Home"},"content":{"rendered":"\t\t<div data-elementor-type=\"wp-page\" data-elementor-id=\"236\" class=\"elementor elementor-236\">\n\t\t\t\t<div class=\"elementor-element elementor-element-ed0495e e-flex e-con-boxed e-con e-parent\" data-id=\"ed0495e\" data-element_type=\"container\" data-e-type=\"container\">\n\t\t\t\t\t<div class=\"e-con-inner\">\n\t\t\t\t<div class=\"elementor-element elementor-element-48645ae elementor-widget elementor-widget-spacer\" data-id=\"48645ae\" data-element_type=\"widget\" data-e-type=\"widget\" data-widget_type=\"spacer.default\">\n\t\t\t\t\t\t\t<div class=\"elementor-spacer\">\n\t\t\t<div class=\"elementor-spacer-inner\"><\/div>\n\t\t<\/div>\n\t\t\t\t\t\t<\/div>\n\t\t\t\t<div class=\"elementor-element elementor-element-5c65db6 elementor-widget elementor-widget-image\" data-id=\"5c65db6\" data-element_type=\"widget\" data-e-type=\"widget\" data-widget_type=\"image.default\">\n\t\t\t\t\t\t\t\t\t\t\t\t\t\t\t<img fetchpriority=\"high\" decoding=\"async\" width=\"1024\" height=\"681\" src=\"https:\/\/sociologia.archimadrid.org\/wp-content\/uploads\/2026\/03\/catedral-1024x681.jpg\" class=\"attachment-large size-large wp-image-294\" alt=\"\" srcset=\"https:\/\/sociologia.archimadrid.org\/wp-content\/uploads\/2026\/03\/catedral-1024x681.jpg 1024w, https:\/\/sociologia.archimadrid.org\/wp-content\/uploads\/2026\/03\/catedral-300x199.jpg 300w, https:\/\/sociologia.archimadrid.org\/wp-content\/uploads\/2026\/03\/catedral-768x510.jpg 768w, https:\/\/sociologia.archimadrid.org\/wp-content\/uploads\/2026\/03\/catedral.jpg 1500w\" sizes=\"(max-width: 1024px) 100vw, 1024px\" \/>\t\t\t\t\t\t\t\t\t\t\t\t\t\t\t<\/div>\n\t\t\t\t<div class=\"elementor-element elementor-element-eaaefbb elementor-widget elementor-widget-spacer\" data-id=\"eaaefbb\" data-element_type=\"widget\" data-e-type=\"widget\" data-widget_type=\"spacer.default\">\n\t\t\t\t\t\t\t<div class=\"elementor-spacer\">\n\t\t\t<div class=\"elementor-spacer-inner\"><\/div>\n\t\t<\/div>\n\t\t\t\t\t\t<\/div>\n\t\t\t\t\t<\/div>\n\t\t\t\t<\/div>\n\t\t<div class=\"elementor-element elementor-element-08f6163 e-flex e-con-boxed e-con e-parent\" data-id=\"08f6163\" data-element_type=\"container\" data-e-type=\"container\">\n\t\t\t\t\t<div class=\"e-con-inner\">\n\t\t<div class=\"elementor-element elementor-element-4f4e3ea e-con-full e-flex e-con e-child\" data-id=\"4f4e3ea\" data-element_type=\"container\" data-e-type=\"container\">\n\t\t\t\t<div class=\"elementor-element elementor-element-b1d5d34 elementor-widget elementor-widget-image\" data-id=\"b1d5d34\" data-element_type=\"widget\" data-e-type=\"widget\" data-widget_type=\"image.default\">\n\t\t\t\t\t\t\t\t\t\t\t\t\t\t\t\t<a href=\"https:\/\/sociologia.archimadrid.org\/index.php\/category\/datos-archidiocesis\/\">\n\t\t\t\t\t\t\t<img decoding=\"async\" width=\"755\" height=\"200\" src=\"https:\/\/sociologia.archimadrid.org\/wp-content\/uploads\/2026\/03\/Boton-Datos-Archidiocesis.gif\" class=\"attachment-large size-large wp-image-336\" alt=\"\" \/>\t\t\t\t\t\t\t\t<\/a>\n\t\t\t\t\t\t\t\t\t\t\t\t\t\t\t<\/div>\n\t\t\t\t<\/div>\n\t\t<div class=\"elementor-element elementor-element-72106da e-con-full e-flex e-con e-child\" data-id=\"72106da\" data-element_type=\"container\" data-e-type=\"container\">\n\t\t\t\t<div class=\"elementor-element elementor-element-e7d2a80 elementor-widget elementor-widget-image\" data-id=\"e7d2a80\" data-element_type=\"widget\" data-e-type=\"widget\" data-widget_type=\"image.default\">\n\t\t\t\t\t\t\t\t\t\t\t\t\t\t\t\t<a href=\"https:\/\/sociologia.archimadrid.org\/index.php\/category\/nuestro-blog\/\">\n\t\t\t\t\t\t\t<img decoding=\"async\" width=\"755\" height=\"200\" src=\"https:\/\/sociologia.archimadrid.org\/wp-content\/uploads\/2026\/03\/Boton-Blog-Departamento.gif\" class=\"attachment-large size-large wp-image-337\" alt=\"\" \/>\t\t\t\t\t\t\t\t<\/a>\n\t\t\t\t\t\t\t\t\t\t\t\t\t\t\t<\/div>\n\t\t\t\t<\/div>\n\t\t\t\t\t<\/div>\n\t\t\t\t<\/div>\n\t\t<div class=\"elementor-element elementor-element-9363d3f e-flex e-con-boxed e-con e-parent\" data-id=\"9363d3f\" data-element_type=\"container\" data-e-type=\"container\">\n\t\t\t\t\t<div class=\"e-con-inner\">\n\t\t\t\t<div class=\"elementor-element elementor-element-87b2377 elementor-widget elementor-widget-contentviews_widget_grid1\" data-id=\"87b2377\" data-element_type=\"widget\" data-e-type=\"widget\" data-widget_type=\"contentviews_widget_grid1.default\">\n\t\t\t\t<div class=\"elementor-widget-container\">\n\t\t\t\t\t<div class='pt-cv-wrapper'> <h1 class='pt-cv-heading-container heading1' data-blockid='87b2377'><span class='pt-cv-heading'> \u00daltimas entradas <\/span><\/h1><div class=\"pt-cv-view pt-cv-blockgrid iscvblock iscvelementor grid1\" id=\"pt-cv-view-87b2377\"><div data-id=\"pt-cv-page-1\" class=\"pt-cv-page\" data-cvc=\"3\"><div class=\" pt-cv-content-item pt-cv-1-col\" ><div class=\"pt-cv-thumb-wrapper  \"><a href=\"https:\/\/sociologia.archimadrid.org\/index.php\/2026\/03\/02\/elementor-263\/\" class=\"_self pt-cv-href-thumbnail pt-cv-thumb-default\" target=\"_self\" ><img loading=\"lazy\" decoding=\"async\" width=\"600\" height=\"400\" src=\"https:\/\/sociologia.archimadrid.org\/wp-content\/uploads\/2026\/03\/Banner_edades.png\" class=\"pt-cv-thumbnail\" alt=\"\" \/><\/a><\/div>\n<div class=\"pt-cv-remain-wrapper\"><div class=\"pt-cv-taxoterm above_title\"><a href='https:\/\/sociologia.archimadrid.org\/index.php\/category\/datos-archidiocesis\/' title='Datos de la Archidi\u00f3cesis' class='pt-cv-tax-datos-archidiocesis'>Datos de la Archidi\u00f3cesis<\/a><\/div><h4 class=\"pt-cv-title\"><a href=\"https:\/\/sociologia.archimadrid.org\/index.php\/2026\/03\/02\/elementor-263\/\" class=\"_self\" target=\"_self\" >Datos de poblaci\u00f3n desglosados por edades<\/a><\/h4><div class=\"pt-cv-content\">Poblaci\u00f3n desglosada por edades de las parroquias de la Archidi\u00f3cesis de MadridEn la tabla que sigue se presentan los datos ...<\/div><div class=\"pt-cv-rmwrap\"><a href=\"https:\/\/sociologia.archimadrid.org\/index.php\/2026\/03\/02\/elementor-263\/\" class=\"_self pt-cv-readmore btn btn-success\" target=\"_self\" >Leer M\u00e1s<\/a><\/div><div class=\"pt-cv-meta-fields\"><span class=\"entry-date\"> <time datetime=\"2026-03-02T09:48:47+00:00\">marzo 2, 2026<\/time><\/span><span> \/ <\/span><span class=\"author\"> <a href=\"https:\/\/sociologia.archimadrid.org\/index.php\/author\/currante\/\" rel=\"author\">Javier Igea<\/a><\/span><\/div><\/div><\/div>\n<div class=\" pt-cv-content-item pt-cv-1-col\" ><div class=\"pt-cv-thumb-wrapper  \"><a href=\"https:\/\/sociologia.archimadrid.org\/index.php\/2026\/02\/28\/datos-de-poblacion-de-las-parroquias\/\" class=\"_self pt-cv-href-thumbnail pt-cv-thumb-default\" target=\"_self\" ><img loading=\"lazy\" decoding=\"async\" width=\"600\" height=\"400\" src=\"https:\/\/sociologia.archimadrid.org\/wp-content\/uploads\/2026\/02\/banner_parroquias.png\" class=\"pt-cv-thumbnail\" alt=\"\" \/><\/a><\/div>\n<div class=\"pt-cv-remain-wrapper\"><div class=\"pt-cv-taxoterm above_title\"><a href='https:\/\/sociologia.archimadrid.org\/index.php\/category\/datos-archidiocesis\/' title='Datos de la Archidi\u00f3cesis' class='pt-cv-tax-datos-archidiocesis'>Datos de la Archidi\u00f3cesis<\/a><\/div><h4 class=\"pt-cv-title\"><a href=\"https:\/\/sociologia.archimadrid.org\/index.php\/2026\/02\/28\/datos-de-poblacion-de-las-parroquias\/\" class=\"_self\" target=\"_self\" >Datos de poblaci\u00f3n de las parroquias<\/a><\/h4><div class=\"pt-cv-content\">Poblaci\u00f3n de las parroquias de la Archidi\u00f3cesis de Madrid En la tabla que sigue se presentan los datos que el ...<\/div><div class=\"pt-cv-rmwrap\"><a href=\"https:\/\/sociologia.archimadrid.org\/index.php\/2026\/02\/28\/datos-de-poblacion-de-las-parroquias\/\" class=\"_self pt-cv-readmore btn btn-success\" target=\"_self\" >Leer M\u00e1s<\/a><\/div><div class=\"pt-cv-meta-fields\"><span class=\"entry-date\"> <time datetime=\"2026-02-28T10:38:43+00:00\">febrero 28, 2026<\/time><\/span><span> \/ <\/span><span class=\"author\"> <a href=\"https:\/\/sociologia.archimadrid.org\/index.php\/author\/currante\/\" rel=\"author\">Javier Igea<\/a><\/span><\/div><\/div><\/div>\n<div class=\" pt-cv-content-item pt-cv-1-col\" ><div class=\"pt-cv-thumb-wrapper  \"><a href=\"https:\/\/sociologia.archimadrid.org\/index.php\/2026\/02\/27\/mapas-de-las-parroquias\/\" class=\"_self pt-cv-href-thumbnail pt-cv-thumb-default\" target=\"_self\" ><img loading=\"lazy\" decoding=\"async\" width=\"800\" height=\"565\" src=\"https:\/\/sociologia.archimadrid.org\/wp-content\/uploads\/2026\/02\/Cercedilla-Villalba.jpg\" class=\"pt-cv-thumbnail\" alt=\"\" \/><\/a><\/div>\n<div class=\"pt-cv-remain-wrapper\"><div class=\"pt-cv-taxoterm above_title\"><a href='https:\/\/sociologia.archimadrid.org\/index.php\/category\/datos-archidiocesis\/' title='Datos de la Archidi\u00f3cesis' class='pt-cv-tax-datos-archidiocesis'>Datos de la Archidi\u00f3cesis<\/a><\/div><h4 class=\"pt-cv-title\"><a href=\"https:\/\/sociologia.archimadrid.org\/index.php\/2026\/02\/27\/mapas-de-las-parroquias\/\" class=\"_self\" target=\"_self\" >Mapas de las parroquias<\/a><\/h4><div class=\"pt-cv-content\">Nota: debido a la reestructuraci\u00f3n territorial de la archidi\u00f3cesis, los mapas no est\u00e1n clasificados por vicar\u00edas y\/o arciprestazgos. Cuando termine ...<\/div><div class=\"pt-cv-rmwrap\"><a href=\"https:\/\/sociologia.archimadrid.org\/index.php\/2026\/02\/27\/mapas-de-las-parroquias\/\" class=\"_self pt-cv-readmore btn btn-success\" target=\"_self\" >Leer M\u00e1s<\/a><\/div><div class=\"pt-cv-meta-fields\"><span class=\"entry-date\"> <time datetime=\"2026-02-27T21:59:19+00:00\">febrero 27, 2026<\/time><\/span><span> \/ <\/span><span class=\"author\"> <a href=\"https:\/\/sociologia.archimadrid.org\/index.php\/author\/javierigealopez_8iav4oly\/\" rel=\"author\">admin<\/a><\/span><\/div><\/div><\/div>\n<div class=\" pt-cv-content-item pt-cv-1-col\" ><div class=\"pt-cv-thumb-wrapper  \"><a href=\"https:\/\/sociologia.archimadrid.org\/index.php\/2026\/02\/26\/estudios\/\" class=\"_self pt-cv-href-thumbnail pt-cv-thumb-default\" target=\"_self\" ><img loading=\"lazy\" decoding=\"async\" width=\"605\" height=\"340\" src=\"https:\/\/sociologia.archimadrid.org\/wp-content\/uploads\/2026\/02\/imagen_1.webp\" class=\"pt-cv-thumbnail\" alt=\"\" \/><\/a><\/div>\n<div class=\"pt-cv-remain-wrapper\"><div class=\"pt-cv-taxoterm above_title\"><a href='https:\/\/sociologia.archimadrid.org\/index.php\/category\/nuestro-blog\/' title='Nuestro blog' class='pt-cv-tax-nuestro-blog'>Nuestro blog<\/a><\/div><h4 class=\"pt-cv-title\"><a href=\"https:\/\/sociologia.archimadrid.org\/index.php\/2026\/02\/26\/estudios\/\" class=\"_self\" target=\"_self\" >Informe sobre la evoluci\u00f3n de la pr\u00e1ctica religiosa en Espa\u00f1a de 2020 a 2025 seg\u00fan los datos del bar\u00f3metro del CIS<\/a><\/h4><div class=\"pt-cv-content\">Resumen: Se presentan en este estudio sobre pr\u00e1ctica religiosa en Espa\u00f1a las conclusiones sacadas sobre los datos de las encuestas ...<\/div><div class=\"pt-cv-rmwrap\"><a href=\"https:\/\/sociologia.archimadrid.org\/index.php\/2026\/02\/26\/estudios\/\" class=\"_self pt-cv-readmore btn btn-success\" target=\"_self\" >Leer M\u00e1s<\/a><\/div><div class=\"pt-cv-meta-fields\"><span class=\"entry-date\"> <time datetime=\"2026-02-26T17:19:19+00:00\">febrero 26, 2026<\/time><\/span><span> \/ <\/span><span class=\"author\"> <a href=\"https:\/\/sociologia.archimadrid.org\/index.php\/author\/javierigealopez_8iav4oly\/\" rel=\"author\">admin<\/a><\/span><\/div><\/div><\/div><\/div><\/div> <\/div> \t\t\t\t<\/div>\n\t\t\t\t<\/div>\n\t\t\t\t\t<\/div>\n\t\t\t\t<\/div>\n\t\t\t\t<\/div>\n\t\t","protected":false},"excerpt":{"rendered":"<p>\u00daltimas entradas Datos de la Archidi\u00f3cesis Datos de poblaci\u00f3n de las parroquias Poblaci\u00f3n de las parroquias de la Archidi\u00f3cesis de [&hellip;]<\/p>\n","protected":false},"author":1,"featured_media":0,"parent":0,"menu_order":0,"comment_status":"closed","ping_status":"closed","template":"","meta":{"site-sidebar-layout":"no-sidebar","site-content-layout":"","ast-site-content-layout":"full-width-container","site-content-style":"default","site-sidebar-style":"default","ast-global-header-display":"","ast-banner-title-visibility":"","ast-main-header-display":"","ast-hfb-above-header-display":"","ast-hfb-below-header-display":"","ast-hfb-mobile-header-display":"","site-post-title":"disabled","ast-breadcrumbs-content":"","ast-featured-img":"disabled","footer-sml-layout":"","ast-disable-related-posts":"","theme-transparent-header-meta":"","adv-header-id-meta":"","stick-header-meta":"","header-above-stick-meta":"","header-main-stick-meta":"","header-below-stick-meta":"","astra-migrate-meta-layouts":"default","ast-page-background-enabled":"default","ast-page-background-meta":{"desktop":{"background-color":"var(--ast-global-color-5)","background-image":"","background-repeat":"repeat","background-position":"center center","background-size":"auto","background-attachment":"scroll","background-type":"","background-media":"","overlay-type":"","overlay-color":"","overlay-opacity":"","overlay-gradient":""},"tablet":{"background-color":"","background-image":"","background-repeat":"repeat","background-position":"center center","background-size":"auto","background-attachment":"scroll","background-type":"","background-media":"","overlay-type":"","overlay-color":"","overlay-opacity":"","overlay-gradient":""},"mobile":{"background-color":"","background-image":"","background-repeat":"repeat","background-position":"center center","background-size":"auto","background-attachment":"scroll","background-type":"","background-media":"","overlay-type":"","overlay-color":"","overlay-opacity":"","overlay-gradient":""}},"ast-content-background-meta":{"desktop":{"background-color":"var(--ast-global-color-4)","background-image":"","background-repeat":"repeat","background-position":"center center","background-size":"auto","background-attachment":"scroll","background-type":"","background-media":"","overlay-type":"","overlay-color":"","overlay-opacity":"","overlay-gradient":""},"tablet":{"background-color":"var(--ast-global-color-4)","background-image":"","background-repeat":"repeat","background-position":"center center","background-size":"auto","background-attachment":"scroll","background-type":"","background-media":"","overlay-type":"","overlay-color":"","overlay-opacity":"","overlay-gradient":""},"mobile":{"background-color":"var(--ast-global-color-4)","background-image":"","background-repeat":"repeat","background-position":"center center","background-size":"auto","background-attachment":"scroll","background-type":"","background-media":"","overlay-type":"","overlay-color":"","overlay-opacity":"","overlay-gradient":""}},"_vp_format_video_url":"","_vp_image_focal_point":[],"footnotes":""},"class_list":["post-236","page","type-page","status-publish","hentry"],"_links":{"self":[{"href":"https:\/\/sociologia.archimadrid.org\/index.php\/wp-json\/wp\/v2\/pages\/236","targetHints":{"allow":["GET"]}}],"collection":[{"href":"https:\/\/sociologia.archimadrid.org\/index.php\/wp-json\/wp\/v2\/pages"}],"about":[{"href":"https:\/\/sociologia.archimadrid.org\/index.php\/wp-json\/wp\/v2\/types\/page"}],"author":[{"embeddable":true,"href":"https:\/\/sociologia.archimadrid.org\/index.php\/wp-json\/wp\/v2\/users\/1"}],"replies":[{"embeddable":true,"href":"https:\/\/sociologia.archimadrid.org\/index.php\/wp-json\/wp\/v2\/comments?post=236"}],"version-history":[{"count":64,"href":"https:\/\/sociologia.archimadrid.org\/index.php\/wp-json\/wp\/v2\/pages\/236\/revisions"}],"predecessor-version":[{"id":374,"href":"https:\/\/sociologia.archimadrid.org\/index.php\/wp-json\/wp\/v2\/pages\/236\/revisions\/374"}],"wp:attachment":[{"href":"https:\/\/sociologia.archimadrid.org\/index.php\/wp-json\/wp\/v2\/media?parent=236"}],"curies":[{"name":"wp","href":"https:\/\/api.w.org\/{rel}","templated":true}]}}