{"id":2,"date":"2026-02-24T22:22:02","date_gmt":"2026-02-24T22:22:02","guid":{"rendered":"https:\/\/sociologia.archimadrid.org\/?page_id=2"},"modified":"2026-02-26T16:59:16","modified_gmt":"2026-02-26T16:59:16","slug":"sample-page","status":"publish","type":"page","link":"https:\/\/sociologia.archimadrid.org\/index.php\/sample-page\/","title":{"rendered":"El departamento"},"content":{"rendered":"\t\t<div data-elementor-type=\"wp-page\" data-elementor-id=\"2\" class=\"elementor elementor-2\">\n\t\t\t\t<div class=\"elementor-element elementor-element-723cb6ad e-flex e-con-boxed e-con e-parent\" data-id=\"723cb6ad\" data-element_type=\"container\" data-e-type=\"container\">\n\t\t\t\t\t<div class=\"e-con-inner\">\n\t\t\t\t<div class=\"elementor-element elementor-element-986b863 elementor-widget elementor-widget-text-editor\" data-id=\"986b863\" data-element_type=\"widget\" data-e-type=\"widget\" data-widget_type=\"text-editor.default\">\n\t\t\t\t\t\t\t\t\t<p>Recientemente ha retomado su andadura el departamento de sociolog\u00eda de la Archidi\u00f3cesis de Madrid. Nuestro departamento entiende que su misi\u00f3n es doble:<\/p>\n<ul>\n<li><em>ad intra<\/em>, asesora a la di\u00f3cesis (curia y parroquias) con datos necesarios para la misi\u00f3n, y,<\/li>\n<li><em>ad extra<\/em> estudia temas sociol\u00f3gicos y analiza datos pertinentes para el anuncio de la Buena Noticia<\/li>\n<\/ul>\t\t\t\t\t\t\t\t<\/div>\n\t\t\t\t<div class=\"elementor-element elementor-element-370ce17 elementor-widget elementor-widget-heading\" data-id=\"370ce17\" data-element_type=\"widget\" data-e-type=\"widget\" data-widget_type=\"heading.default\">\n\t\t\t\t\t<h2 class=\"elementor-heading-title elementor-size-default\">Misi\u00f3n de asesoramiento<\/h2>\t\t\t\t<\/div>\n\t\t\t\t<div class=\"elementor-element elementor-element-41893af2 elementor-widget elementor-widget-text-editor\" data-id=\"41893af2\" data-element_type=\"widget\" data-e-type=\"widget\" data-widget_type=\"text-editor.default\">\n\t\t\t\t\t\t\t\t\t\n<p>Para trabajar de modo eficaz es necesario disponer de datos que describan la realidad de la sociedad esp\u00f1ola. Nuestros organismos oficiales(el CIS y el INE, as\u00ed comolos ayuntamientos y la Comunidad de Madrid) ponene a disposici\u00f3n del p\u00fablico en general multitud de datos para su estudio y uso. En concreto, el INE publica anualmente los datos del padr\u00f3a, que contienen por secciones censales,informaci\u00f3n sobre poblaci\u00f3n total, pobaci\u00f3n desglosada por edades, extranjer\u00eda, etc., datos que pueden usarse para calcular pormedios de poblaci\u00f3n sore los territorios parroquiales.<\/p>\n<p>En la actiualidad, esta informaci\u00f3n est\u00e1 siendo usada\u00a0 para la remodelaci\u00f3n territorial de la di\u00f3cesis.<\/p>\n\t\t\t\t\t\t\t\t<\/div>\n\t\t\t\t<div class=\"elementor-element elementor-element-3081a36 elementor-widget elementor-widget-heading\" data-id=\"3081a36\" data-element_type=\"widget\" data-e-type=\"widget\" data-widget_type=\"heading.default\">\n\t\t\t\t\t<h2 class=\"elementor-heading-title elementor-size-default\">Misi\u00f3n de estudio de la realidad social<\/h2>\t\t\t\t<\/div>\n\t\t\t\t<div class=\"elementor-element elementor-element-9a27ed5 elementor-widget elementor-widget-text-editor\" data-id=\"9a27ed5\" data-element_type=\"widget\" data-e-type=\"widget\" data-widget_type=\"text-editor.default\">\n\t\t\t\t\t\t\t\t\t<p>Mediante un blog pretendemos publicar peque\u00f1os trabajo de investigaci\u00f3n sobre temas de actualidad. Est\u00e1 en proyecto un estudio de los datos del CIS sobre autopercepci\u00f3n religiosa y frecuencia de asistencia a actos religiosos en los \u00faltimos cinco a\u00f1os.<\/p>\n<p>Y en un futuro queremos anailizar tambi\u00e9n datos que nos permitan entender el perfil de la juventud espa\u00f1ola, y similares.\u00a0<\/p>\t\t\t\t\t\t\t\t<\/div>\n\t\t\t\t\t<\/div>\n\t\t\t\t<\/div>\n\t\t\t\t<\/div>\n\t\t","protected":false},"excerpt":{"rendered":"<p>Recientemente ha retomado su andadura el departamento de sociolog\u00eda de la Archidi\u00f3cesis de Madrid. Nuestro departamento entiende que su misi\u00f3n [&hellip;]<\/p>\n","protected":false},"author":1,"featured_media":0,"parent":0,"menu_order":0,"comment_status":"closed","ping_status":"open","template":"","meta":{"site-sidebar-layout":"default","site-content-layout":"","ast-site-content-layout":"default","site-content-style":"default","site-sidebar-style":"default","ast-global-header-display":"","ast-banner-title-visibility":"","ast-main-header-display":"","ast-hfb-above-header-display":"","ast-hfb-below-header-display":"","ast-hfb-mobile-header-display":"","site-post-title":"","ast-breadcrumbs-content":"","ast-featured-img":"","footer-sml-layout":"","ast-disable-related-posts":"","theme-transparent-header-meta":"","adv-header-id-meta":"","stick-header-meta":"","header-above-stick-meta":"","header-main-stick-meta":"","header-below-stick-meta":"","astra-migrate-meta-layouts":"default","ast-page-background-enabled":"default","ast-page-background-meta":{"desktop":{"background-color":"var(--ast-global-color-5)","background-image":"","background-repeat":"repeat","background-position":"center center","background-size":"auto","background-attachment":"scroll","background-type":"","background-media":"","overlay-type":"","overlay-color":"","overlay-opacity":"","overlay-gradient":""},"tablet":{"background-color":"","background-image":"","background-repeat":"repeat","background-position":"center center","background-size":"auto","background-attachment":"scroll","background-type":"","background-media":"","overlay-type":"","overlay-color":"","overlay-opacity":"","overlay-gradient":""},"mobile":{"background-color":"","background-image":"","background-repeat":"repeat","background-position":"center center","background-size":"auto","background-attachment":"scroll","background-type":"","background-media":"","overlay-type":"","overlay-color":"","overlay-opacity":"","overlay-gradient":""}},"ast-content-background-meta":{"desktop":{"background-color":"var(--ast-global-color-4)","background-image":"","background-repeat":"repeat","background-position":"center center","background-size":"auto","background-attachment":"scroll","background-type":"","background-media":"","overlay-type":"","overlay-color":"","overlay-opacity":"","overlay-gradient":""},"tablet":{"background-color":"var(--ast-global-color-4)","background-image":"","background-repeat":"repeat","background-position":"center center","background-size":"auto","background-attachment":"scroll","background-type":"","background-media":"","overlay-type":"","overlay-color":"","overlay-opacity":"","overlay-gradient":""},"mobile":{"background-color":"var(--ast-global-color-4)","background-image":"","background-repeat":"repeat","background-position":"center center","background-size":"auto","background-attachment":"scroll","background-type":"","background-media":"","overlay-type":"","overlay-color":"","overlay-opacity":"","overlay-gradient":""}},"_vp_format_video_url":"","_vp_image_focal_point":[],"footnotes":""},"class_list":["post-2","page","type-page","status-publish","hentry"],"_links":{"self":[{"href":"https:\/\/sociologia.archimadrid.org\/index.php\/wp-json\/wp\/v2\/pages\/2","targetHints":{"allow":["GET"]}}],"collection":[{"href":"https:\/\/sociologia.archimadrid.org\/index.php\/wp-json\/wp\/v2\/pages"}],"about":[{"href":"https:\/\/sociologia.archimadrid.org\/index.php\/wp-json\/wp\/v2\/types\/page"}],"author":[{"embeddable":true,"href":"https:\/\/sociologia.archimadrid.org\/index.php\/wp-json\/wp\/v2\/users\/1"}],"replies":[{"embeddable":true,"href":"https:\/\/sociologia.archimadrid.org\/index.php\/wp-json\/wp\/v2\/comments?post=2"}],"version-history":[{"count":16,"href":"https:\/\/sociologia.archimadrid.org\/index.php\/wp-json\/wp\/v2\/pages\/2\/revisions"}],"predecessor-version":[{"id":75,"href":"https:\/\/sociologia.archimadrid.org\/index.php\/wp-json\/wp\/v2\/pages\/2\/revisions\/75"}],"wp:attachment":[{"href":"https:\/\/sociologia.archimadrid.org\/index.php\/wp-json\/wp\/v2\/media?parent=2"}],"curies":[{"name":"wp","href":"https:\/\/api.w.org\/{rel}","templated":true}]}}